{"id":7690,"date":"2020-11-11T09:37:29","date_gmt":"2020-11-11T09:37:29","guid":{"rendered":"https:\/\/www.studio-3c.it\/?page_id=7690"},"modified":"2020-11-11T10:20:58","modified_gmt":"2020-11-11T10:20:58","slug":"service","status":"publish","type":"page","link":"https:\/\/www.studio-3c.it\/de\/service\/","title":{"rendered":"Service"},"content":{"rendered":"<section class=\"l-section wpb_row height_custom\"><div class=\"l-section-h i-cf\"><div class=\"g-cols vc_row type_default valign_top\"><div class=\"vc_col-sm-12 wpb_column vc_column_container\"><div class=\"vc_column-inner\"><div class=\"wpb_wrapper\"><div class=\"g-cols wpb_row  type_default valign_top vc_inner\"><div class=\"vc_col-sm-4 wpb_column vc_column_container\"><div class=\"vc_column-inner\"><div class=\"wpb_wrapper\"><div class=\"w-iconbox iconpos_top style_default color_custom align_center no_title\"><div class=\"w-iconbox-icon\" style=\"color:#ec7404;\"><i class=\"fas fa-business-time\"><\/i><\/div><div class=\"w-iconbox-meta\"><div class=\"w-iconbox-text\"><p>P\u00fcnktliche und zeitgem\u00e4\u00dfe Ausf\u00fchrung der Abrechnungen und Angebote<\/p>\n<\/div><\/div><\/div><\/div><\/div><\/div><div class=\"vc_col-sm-4 wpb_column vc_column_container\"><div class=\"vc_column-inner\"><div class=\"wpb_wrapper\"><div class=\"w-iconbox iconpos_top style_default color_custom align_center no_title\"><div class=\"w-iconbox-icon\" style=\"color:#ec7404;\"><i class=\"fas fa-file-invoice-dollar\"><\/i><\/div><div class=\"w-iconbox-meta\"><div class=\"w-iconbox-text\"><p>Personalisierung der Angebote und der Rechnungsf\u00fchrung f\u00fcr jede Immobilie.<\/p>\n<\/div><\/div><\/div><\/div><\/div><\/div><div class=\"vc_col-sm-4 wpb_column vc_column_container\"><div class=\"vc_column-inner\"><div class=\"wpb_wrapper\"><div class=\"w-iconbox iconpos_top style_default color_custom align_center no_title\"><div class=\"w-iconbox-icon\" style=\"color:#ec7404;\"><i class=\"fas fa-chalkboard-teacher\"><\/i><\/div><div class=\"w-iconbox-meta\"><div class=\"w-iconbox-text\"><p>Klare und verst\u00e4ndliche Ausf\u00fchrung der Abrechnungen<\/p>\n<\/div><\/div><\/div><\/div><\/div><\/div><\/div><div class=\"g-cols wpb_row  type_default valign_top vc_inner\"><div class=\"vc_col-sm-12 wpb_column vc_column_container\"><div class=\"vc_column-inner\"><div class=\"wpb_wrapper\"><div class=\"w-separator size_custom\" style=\"height:15vh\"><\/div><\/div><\/div><\/div><\/div><div class=\"g-cols wpb_row  type_default valign_top vc_inner\"><div class=\"vc_col-sm-4 wpb_column vc_column_container\"><div class=\"vc_column-inner\"><div class=\"wpb_wrapper\"><div class=\"w-iconbox iconpos_top style_default color_custom align_center no_title\"><div class=\"w-iconbox-icon\" style=\"color:#ec7404;\"><i class=\"fas fa-user-friends\"><\/i><\/div><div class=\"w-iconbox-meta\"><div class=\"w-iconbox-text\"><p>Pers\u00f6nliche Anwesenheit bei den vorgeschriebenen Versammlungen<\/p>\n<\/div><\/div><\/div><\/div><\/div><\/div><div class=\"vc_col-sm-4 wpb_column vc_column_container\"><div class=\"vc_column-inner\"><div class=\"wpb_wrapper\"><div class=\"w-iconbox iconpos_top style_default color_custom align_center no_title\"><div class=\"w-iconbox-icon\" style=\"color:#ec7404;\"><i class=\"fas fa-comment-alt-lines\"><\/i><\/div><div class=\"w-iconbox-meta\"><div class=\"w-iconbox-text\"><p>Verfassung der zu \u00fcbermittelnden Unterlagen in zwei Sprachen (italienisch\/deutsch)<\/p>\n<\/div><\/div><\/div><\/div><\/div><\/div><div class=\"vc_col-sm-4 wpb_column vc_column_container\"><div class=\"vc_column-inner\"><div class=\"wpb_wrapper\"><div class=\"w-iconbox iconpos_top style_default color_custom align_center no_title\"><div class=\"w-iconbox-icon\" style=\"color:#ec7404;\"><i class=\"fas fa-phone\"><\/i><\/div><div class=\"w-iconbox-meta\"><div class=\"w-iconbox-text\"><p>Telefonische Verf\u00fcgbarkeit zu B\u00fcrozeiten an Werktagen und Feiertagen mittels Mobiltelefon oder pers\u00f6nlichen Kontakt nach Terminvereinbarung<\/p>\n<\/div><\/div><\/div><\/div><\/div><\/div><\/div><\/div><\/div><\/div><\/div><\/div><\/section>\n","protected":false},"excerpt":{"rendered":"P\u00fcnktliche und zeitgem\u00e4\u00dfe Ausf\u00fchrung der Abrechnungen und Angebote Personalisierung der Angebote und der Rechnungsf\u00fchrung f\u00fcr jede Immobilie. Klare und verst\u00e4ndliche Ausf\u00fchrung der Abrechnungen Pers\u00f6nliche Anwesenheit bei den vorgeschriebenen Versammlungen Verfassung der zu \u00fcbermittelnden Unterlagen in zwei Sprachen (italienisch\/deutsch) Telefonische Verf\u00fcgbarkeit zu B\u00fcrozeiten an Werktagen und Feiertagen mittels Mobiltelefon oder pers\u00f6nlichen Kontakt nach Terminvereinbarung","protected":false},"author":1,"featured_media":0,"parent":0,"menu_order":0,"comment_status":"closed","ping_status":"closed","template":"","meta":{"footnotes":""},"_links":{"self":[{"href":"https:\/\/www.studio-3c.it\/de\/wp-json\/wp\/v2\/pages\/7690\/"}],"collection":[{"href":"https:\/\/www.studio-3c.it\/de\/wp-json\/wp\/v2\/pages\/"}],"about":[{"href":"https:\/\/www.studio-3c.it\/de\/wp-json\/wp\/v2\/types\/page\/"}],"author":[{"embeddable":true,"href":"https:\/\/www.studio-3c.it\/de\/wp-json\/wp\/v2\/users\/1\/"}],"replies":[{"embeddable":true,"href":"https:\/\/www.studio-3c.it\/de\/wp-json\/wp\/v2\/comments\/?post=7690"}],"version-history":[{"count":25,"href":"https:\/\/www.studio-3c.it\/de\/wp-json\/wp\/v2\/pages\/7690\/revisions\/"}],"predecessor-version":[{"id":7719,"href":"https:\/\/www.studio-3c.it\/de\/wp-json\/wp\/v2\/pages\/7690\/revisions\/7719\/"}],"wp:attachment":[{"href":"https:\/\/www.studio-3c.it\/de\/wp-json\/wp\/v2\/media\/?parent=7690"}],"curies":[{"name":"wp","href":"https:\/\/api.w.org\/{rel}","templated":true}]}}