{"id":7830,"date":"2020-11-16T15:00:49","date_gmt":"2020-11-16T14:00:49","guid":{"rendered":"https:\/\/www.studio-3c.it\/?page_id=7830"},"modified":"2022-01-27T10:22:00","modified_gmt":"2022-01-27T09:22:00","slug":"datenschutz","status":"publish","type":"page","link":"https:\/\/www.studio-3c.it\/de\/datenschutz\/","title":{"rendered":"Datenschutz"},"content":{"rendered":"<section class=\"l-section wpb_row height_custom\"><div class=\"l-section-h i-cf\"><div class=\"g-cols vc_row type_default valign_top\"><div class=\"vc_col-sm-12 wpb_column vc_column_container\"><div class=\"vc_column-inner\"><div class=\"wpb_wrapper\"><div class=\"wpb_text_column\" ><div class=\"wpb_wrapper\"><h3>Privacy<\/h3>\n<p><strong>1 \u2013 Zweck der Verarbeitung<br \/>\n<\/strong>Der Rechtsinhaber verarbeitet die personenbezogenen und identifizierbaren Daten (insbesondere Vorname, Nachname, Steuernummer, MwSt. , E-Mail, Telefonnummer \u2013 im Folgenden \u00abpers\u00f6nliche Daten\u00bb oder auch \u00abDaten\u00bb), die Sie zur Verf\u00fcgung gestellt haben, von der vorherigen Verwaltung erfasst oder eingeholt hat und wie laut Gesetz 220\/2012 vorgesehen<\/p>\n<p><strong>2 \u2013 Zweck der Verarbeitung<br \/>\n<\/strong>Ihre personenbezogenen Daten werden ohne Ihre ausdr\u00fcckliche Zustimmung (Art. 6 Buchstabe \u00a0b, e) DSGVO) zu Zwecken verarbeitet, die mit der administrativen und buchhalterischen Verwaltung des Kondominiums verbunden sind.<\/p>\n<p><strong>3 \u2013 Art der Datenbereitstellung und Folgen der Antwortverweigerung<br \/>\n<\/strong>Die Bereitstellung der personenbezogenen Daten ist wie laut Art. 2, unbedingt erforderlich und eine Verweigerung oder nicht ordnungsgem\u00e4sse \u00dcbermittlung f\u00fchrt dazu, dass die laut Mandat \u00fcbergebene Verwaltung und die damit verbundene Arbeit nicht durchgef\u00fchrt werden kann<strong>.<\/strong><\/p>\n<p>4 \u2013 Art der Verarbeitung<br \/>\nDie Verarbeitung Ihrer personenbezogenen Daten erfolgt wie laut Art. 4 Nr. 2) DSGVO und zwar: Erhebung, Registrierung, Organisation, Speicherung, Konsultation, Verarbeitung, \u00c4nderung, Auswahl, Extraktion, Vergleich, Nutzung, Verkn\u00fcpfung, Sperrung, Kommunikation, L\u00f6schung und Vernichtung. Die Daten werden sowohl in Papierform als auch elektronisch und\/oder digital verarbeitet. Der Inhaber wird die personenbezogenen Daten f\u00fcr die Zeit verarbeiten, die erforderlich ist, um die oben genannten Zwecke zu erf\u00fcllen, und in jedem Fall f\u00fcr h\u00f6chstens 5 Jahre nach Beendigung des Mandates.<\/p>\n<p><strong>5 \u2013 \u00dcbermittlung der Daten<br \/>\n<\/strong>Ohne ausdr\u00fcckliche Zustimmung (Art. 6 Buchstabe b) und c) DSGVO) ist der Verantwortliche der \u00a0Daten f\u00fcr die wie laut Art. 6 Abs. 2. vorgesehen Arbeit, berechtigt, die Daten an \u00a0Aufsichtsbeh\u00f6rden und -organe sowie die Justiz auf deren Antrag hin, die Versicherungsgesellschaften; die Bank, bei der die Kontokorrentverbindung gef\u00fchrt wird; die Anwaltskanzleien, bei denen Zahlungsverzug und\/oder Rechtsstreitigkeiten jeder Art im Zusammenhang mit der Verwaltung von Eigentumswohnungen angesiedelt sind; die Lieferanten der Eigentumswohnung im Sinne von Art. 63 der Durchf\u00fchrungsbestimmungen zum ZGB zur Verf\u00fcgung zu stellen. Die Daten werden nicht verbreitet<\/p>\n<p><strong>6 \u2013 Zugang zu den Daten<br \/>\n<\/strong>Ihre Daten k\u00f6nnen f\u00fcr die, wie laut Art. 6 genannten Zwecke zug\u00e4nglich gemacht werden:<br \/>\n&#8211; An die Mitarbeiter und Mitarbeiter von Studio 3c \u2013 Coleselli Tanja, in ihrer Eigenschaft als Beauftragte und\/oder interne Datenverarbeiter und\/oder Systemadministratoren;<\/p>\n<p>&#8211; Unternehmen und Gewerbetreibende, die T\u00e4tigkeiten im Namen des Inhabers ausf\u00fchren, in ihrer Eigenschaft als externe Verantwortliche der Datenverarbeitung.<\/p>\n<p><strong>7 \u2013 Sicherheit<br \/>\n<\/strong>Die Speicherung und Kontrolle der Daten erfolgt durch die Anwendung geeigneter, bzw. \u00a0vorbeugender Sicherheitsmassnahmen, um das Risiko des Verlusts und der Vernichtung, des unbefugten Zugriffs, der unbefugten Verarbeitung, die den Zwecken der Verarbeitung zuwiderl\u00e4uft, auf ein Mindestmass zu beschr\u00e4nken.<\/p>\n<p><strong>8 \u2013 Daten\u00fcbermittlung<br \/>\n<\/strong>Die Verwaltung und Speicherung der personenbezogenen Daten erfolgt auf dem Gebiet der Europ\u00e4ischen Union.<\/p>\n<p><strong>9 \u2013 Rechte der betroffenen Person<br \/>\n<\/strong>Als Betroffener haben Sie wie laut Art. 6 Abs. 15 DSGVO und insbesondere die Rechte von:<\/p>\n<ol>\n<li>eine Best\u00e4tigung \u00fcber das Vorhandensein oder Nichtvorhandensein von Ihren betreffenden und personenbezogenen Daten, auch wenn diese noch nicht registriert sind, und deren Mitteilung in verst\u00e4ndlicher Form zu erhalten;<\/li>\n<li>Auskunft \u00fcber a) die Herkunft der personenbezogenen Daten; b) die Zwecke und Modalit\u00e4ten der Verarbeitung; c) die angewandte Logik im Falle der Verarbeitung mit Hilfe elektronischer Mittel; d) die Identifikationsdaten des Inhabers, der Verantwortlichen und des gem\u00e4ss Art. 5 Absatz 2 Datenschutzgesetz und Art. 3 Absatz 1 DSGVO; e) der Personen oder Kategorien von Personen, denen die personenbezogenen Daten mitgeteilt werden k\u00f6nnen oder die als benannter Vertreter auf dem Staatsgebiet, Verantwortlicher oder Beauftragter davon Kenntnis erlangen k\u00f6nnen;<\/li>\n<\/ol>\n<p>iii. zu erhalten:<br \/>\na) die Aktualisierung, Berichtigung oder Erg\u00e4nzung der Daten;<br \/>\nb) die L\u00f6schung, Umwandlung in anonyme Form oder Sperrung rechtswidrig verarbeiteter Daten, einschliesslich solcher, deren Aufbewahrung f\u00fcr die Zwecke, f\u00fcr die die Daten erhoben oder sp\u00e4ter verarbeitet wurden, nicht erforderlich ist;<br \/>\nc) die Best\u00e4tigung, dass die unter den Buchstaben a) und b) genannten Vorg\u00e4nge die Personen, denen die Daten \u00fcbermittelt oder bei denen sie verbreitet wurden, auch hinsichtlich ihres Inhalts zur Kenntnis gebracht wurden, es sei denn, dies erweist sich als unm\u00f6glich oder w\u00fcrde einen im Verh\u00e4ltnis zum gesch\u00fctzten Recht offensichtlich unverh\u00e4ltnism\u00e4ssigen Aufwand erfordern;<\/p>\n<ol>\n<li>sich aus legitimen Gr\u00fcnden ganz oder teilweise der Verarbeitung der Sie betreffenden personenbezogenen Daten zu widersetzen, auch wenn sie f\u00fcr den Zweck der Erhebung relevant sind.<\/li>\n<\/ol>\n<p>Gegebenenfalls haben Sie auch die Rechte nach Art. 16-21 DSGVO (Recht auf Berichtigung, Recht auf Vergessenwerden, Recht auf Einschr\u00e4nkung der Verarbeitung, Recht auf Daten\u00fcbertragbarkeit, Recht auf Widerspruch) sowie das Recht auf Beschwerde bei der Datenschutzbeh\u00f6rde.<\/p>\n<p><strong><em>10 \u2013 Modalit\u00e4ten der Aus\u00fcbung der Rechte<br \/>\n<\/em><\/strong><em>Sie k\u00f6nnen Ihre Rechte jederzeit aus\u00fcben, indem Sie eine Mitteilung senden:<\/em><\/p>\n<p><em>per E-Mail an: info@studio-3c. it oder per Post Einschreiben mit R\u00fcckantwort \u00a0an:<\/em><\/p>\n<p><em>Studio 3c \u2013 Coleselli Tanja<br \/>\n<\/em><em>Innsbruckerstrasse 27<br \/>\n<\/em><em>39100 Bozen (BZ)<\/em><\/p>\n<\/div><\/div><\/div><\/div><\/div><\/div><\/div><\/section>\n","protected":false},"excerpt":{"rendered":"Privacy 1 \u2013 Zweck der Verarbeitung Der Rechtsinhaber verarbeitet die personenbezogenen und identifizierbaren Daten (insbesondere Vorname, Nachname, Steuernummer, MwSt. , E-Mail, Telefonnummer \u2013 im Folgenden \u00abpers\u00f6nliche Daten\u00bb oder auch \u00abDaten\u00bb), die Sie zur Verf\u00fcgung gestellt haben, von der vorherigen Verwaltung erfasst oder eingeholt hat und wie laut Gesetz 220\/2012 vorgesehen 2 \u2013 Zweck der Verarbeitung...","protected":false},"author":1,"featured_media":0,"parent":0,"menu_order":0,"comment_status":"closed","ping_status":"closed","template":"","meta":{"footnotes":""},"_links":{"self":[{"href":"https:\/\/www.studio-3c.it\/de\/wp-json\/wp\/v2\/pages\/7830\/"}],"collection":[{"href":"https:\/\/www.studio-3c.it\/de\/wp-json\/wp\/v2\/pages\/"}],"about":[{"href":"https:\/\/www.studio-3c.it\/de\/wp-json\/wp\/v2\/types\/page\/"}],"author":[{"embeddable":true,"href":"https:\/\/www.studio-3c.it\/de\/wp-json\/wp\/v2\/users\/1\/"}],"replies":[{"embeddable":true,"href":"https:\/\/www.studio-3c.it\/de\/wp-json\/wp\/v2\/comments\/?post=7830"}],"version-history":[{"count":5,"href":"https:\/\/www.studio-3c.it\/de\/wp-json\/wp\/v2\/pages\/7830\/revisions\/"}],"predecessor-version":[{"id":8216,"href":"https:\/\/www.studio-3c.it\/de\/wp-json\/wp\/v2\/pages\/7830\/revisions\/8216\/"}],"wp:attachment":[{"href":"https:\/\/www.studio-3c.it\/de\/wp-json\/wp\/v2\/media\/?parent=7830"}],"curies":[{"name":"wp","href":"https:\/\/api.w.org\/{rel}","templated":true}]}}