{"id":7882,"date":"2020-11-27T10:19:45","date_gmt":"2020-11-27T09:19:45","guid":{"rendered":"https:\/\/www.studio-3c.it\/?page_id=7882"},"modified":"2023-08-29T16:33:27","modified_gmt":"2023-08-29T14:33:27","slug":"download","status":"publish","type":"page","link":"https:\/\/www.studio-3c.it\/de\/download\/","title":{"rendered":"Download"},"content":{"rendered":"<section class=\"l-section wpb_row height_custom\"><div class=\"l-section-h i-cf\"><div class=\"g-cols vc_row type_default valign_top\"><div class=\"vc_col-sm-12 wpb_column vc_column_container\"><div class=\"vc_column-inner\"><div class=\"wpb_wrapper\"><div class=\"g-cols wpb_row  type_default valign_top vc_inner\"><div class=\"vc_col-sm-4 wpb_column vc_column_container\"><div class=\"vc_column-inner\"><div class=\"wpb_wrapper\"><div class=\"w-iconbox iconpos_top style_default color_primary align_center no_text\"><div class=\"w-iconbox-icon\"><i class=\"fas fa-users\"><\/i><\/div><div class=\"w-iconbox-meta\"><h4 class=\"w-iconbox-title\">Einwohnerregister<\/h4><\/div><\/div><div class=\"w-separator size_medium\"><\/div><div class=\"wpb_text_column\" ><div class=\"wpb_wrapper\"><p><a href=\"https:\/\/www.studio-3c.it\/wp-content\/uploads\/2022\/09\/EINWOHNERREGISTER.pdf\">EINWOHNERREGISTER<\/a><\/p>\n<\/div><\/div><\/div><\/div><\/div><div class=\"vc_col-sm-4 wpb_column vc_column_container\"><div class=\"vc_column-inner\"><div class=\"wpb_wrapper\"><div class=\"w-iconbox iconpos_top style_default color_primary align_center no_text\"><div class=\"w-iconbox-icon\"><i class=\"fas fa-exchange-alt\"><\/i><\/div><div class=\"w-iconbox-meta\"><h4 class=\"w-iconbox-title\">Besitzerwechsel<\/h4><\/div><\/div><div class=\"w-separator size_medium\"><\/div><div class=\"wpb_text_column\" ><div class=\"wpb_wrapper\"><p><a href=\"https:\/\/www.studio-3c.it\/wp-content\/uploads\/2022\/01\/Modell_Bestaetigung_Verkauf_Einheit.pdf\">Modell_Best\u00e4tigung_Verkauf_Einheit<\/a><\/p>\n<\/div><\/div><\/div><\/div><\/div><div class=\"vc_col-sm-4 wpb_column vc_column_container\"><div class=\"vc_column-inner\"><div class=\"wpb_wrapper\"><div class=\"w-iconbox iconpos_top style_default color_primary align_center no_text\"><div class=\"w-iconbox-icon\"><i class=\"fas fa-exchange-alt\"><\/i><\/div><div class=\"w-iconbox-meta\"><h4 class=\"w-iconbox-title\">Mieterwechsel<\/h4><\/div><\/div><div class=\"w-separator size_medium\"><\/div><div class=\"wpb_text_column\" ><div class=\"wpb_wrapper\"><p><a href=\"https:\/\/www.studio-3c.it\/wp-content\/uploads\/2022\/01\/Modell_Anfang_Mietverhaeltnisse.pdf\">Modell_Anfang_Mietverh\u00e4ltnisse<\/a><br \/>\n<a href=\"https:\/\/www.studio-3c.it\/wp-content\/uploads\/2022\/01\/Modell_Ende_Mietverhaeltnis.pdf\">Modell_Ende_Mietverh\u00e4ltnis<\/a><\/p>\n<\/div><\/div><\/div><\/div><\/div><\/div><div class=\"w-separator size_small\"><\/div><\/div><\/div><\/div><\/div><\/div><\/section><section class=\"l-section wpb_row height_custom\"><div class=\"l-section-h i-cf\"><div class=\"g-cols vc_row type_default valign_top\"><div class=\"vc_col-sm-12 wpb_column vc_column_container\"><div class=\"vc_column-inner\"><div class=\"wpb_wrapper\"><div class=\"g-cols wpb_row  type_default valign_top vc_inner\"><div class=\"vc_col-sm-4 wpb_column vc_column_container\"><div class=\"vc_column-inner\"><div class=\"wpb_wrapper\"><div class=\"w-iconbox iconpos_top style_default color_primary align_center no_text\"><div class=\"w-iconbox-icon\"><i class=\"fas fa-user-shield\"><\/i><\/div><div class=\"w-iconbox-meta\"><h4 class=\"w-iconbox-title\">Vollmacht<\/h4><\/div><\/div><div class=\"w-separator size_medium\"><\/div><div class=\"wpb_text_column\" ><div class=\"wpb_wrapper\"><p><a href=\"https:\/\/www.studio-3c.it\/wp-content\/uploads\/2022\/01\/Vollmacht.pdf\">Vollmacht<\/a><\/p>\n<\/div><\/div><\/div><\/div><\/div><div class=\"vc_col-sm-4 wpb_column vc_column_container\"><div class=\"vc_column-inner\"><div class=\"wpb_wrapper\"><div class=\"w-iconbox iconpos_top style_default color_primary align_center no_text\"><div class=\"w-iconbox-icon\"><i class=\"fas fa-question\"><\/i><\/div><div class=\"w-iconbox-meta\"><h4 class=\"w-iconbox-title\">Verschieden Anfragen<\/h4><\/div><\/div><div class=\"w-separator size_medium\"><\/div><div class=\"wpb_text_column\" ><div class=\"wpb_wrapper\"><\/div><\/div><\/div><\/div><\/div><div class=\"vc_col-sm-4 wpb_column vc_column_container\"><div class=\"vc_column-inner\"><div class=\"wpb_wrapper\"><div class=\"w-iconbox iconpos_top style_default color_primary align_center no_text\"><div class=\"w-iconbox-icon\"><i class=\"fas fa-file-alt\"><\/i><\/div><div class=\"w-iconbox-meta\"><h4 class=\"w-iconbox-title\">Angebotsanfrage<\/h4><\/div><\/div><div class=\"w-separator size_medium\"><\/div><div class=\"wpb_text_column\" ><div class=\"wpb_wrapper\"><p><a href=\"https:\/\/www.studio-3c.it\/wp-content\/uploads\/2022\/01\/Angebotsanfrage.pdf\">Angebotsanfrage<\/a><\/p>\n<\/div><\/div><\/div><\/div><\/div><\/div><div class=\"w-separator size_small\"><\/div><\/div><\/div><\/div><\/div><\/div><\/section><section class=\"l-section wpb_row height_custom\"><div class=\"l-section-h i-cf\"><div class=\"g-cols vc_row type_default valign_top\"><div class=\"vc_col-sm-12 wpb_column vc_column_container\"><div class=\"vc_column-inner\"><div class=\"wpb_wrapper\"><div class=\"g-cols wpb_row  type_default valign_top vc_inner\"><div class=\"vc_col-sm-4 wpb_column vc_column_container\"><div class=\"vc_column-inner\"><div class=\"wpb_wrapper\"><div class=\"w-iconbox iconpos_top style_default color_primary align_center no_text\"><div class=\"w-iconbox-icon\"><i class=\"fas fa-info\"><\/i><\/div><div class=\"w-iconbox-meta\"><h4 class=\"w-iconbox-title\">Verschieden Infos<\/h4><\/div><\/div><div class=\"w-separator size_medium\"><\/div><div class=\"wpb_text_column\" ><div class=\"wpb_wrapper\"><p><a href=\"https:\/\/www.studio-3c.it\/wp-content\/uploads\/2022\/01\/Information_Gesetz_220.pdf\">Information_Gesetz_220<\/a><br \/>\n<a href=\"https:\/\/www.studio-3c.it\/wp-content\/uploads\/2022\/01\/Gebaeuderat_Treppensprecher_Beirat_Rechnungspruefer.pdf\">Geb\u00e4uderat_Treppensprecher_Beirat_Rechnungspr\u00fcfer<\/a><br \/>\n<a href=\"https:\/\/www.studio-3c.it\/wp-content\/uploads\/2022\/01\/Arbeiten_zu_Hause_die-Regeln.pdf\">Arbeiten_zu_Hause_die Regeln<\/a><br \/>\n<a href=\"https:\/\/www.studio-3c.it\/wp-content\/uploads\/2022\/09\/RATGEBER-HEIZKOSTEN-SPAREN_ANACI.pdf\">RATGEBER HEIZKOSTEN SPAREN_ANACI<\/a><\/p>\n<\/div><\/div><\/div><\/div><\/div><div class=\"vc_col-sm-4 wpb_column vc_column_container\"><div class=\"vc_column-inner\"><div class=\"wpb_wrapper\"><div class=\"w-iconbox iconpos_top style_default color_primary align_center no_text\"><div class=\"w-iconbox-icon\"><i class=\"fas fa-star\"><\/i><\/div><div class=\"w-iconbox-meta\"><h4 class=\"w-iconbox-title\">Verordnungen<\/h4><\/div><\/div><div class=\"w-separator size_medium\"><\/div><div class=\"wpb_text_column\" ><div class=\"wpb_wrapper\"><\/div><\/div><div class=\"wpb_text_column\" ><div class=\"wpb_wrapper\"><\/div><\/div><div class=\"wpb_text_column\" ><div class=\"wpb_wrapper\"><\/div><\/div><\/div><\/div><\/div><div class=\"vc_col-sm-4 wpb_column vc_column_container\"><div class=\"vc_column-inner\"><div class=\"wpb_wrapper\"><div class=\"w-iconbox iconpos_top style_default color_primary align_center no_text\"><div class=\"w-iconbox-icon\"><i class=\"fas fa-comments\"><\/i><\/div><div class=\"w-iconbox-meta\"><h4 class=\"w-iconbox-title\">Online Kondominiums Versammlung<\/h4><\/div><\/div><div class=\"w-separator size_medium\"><\/div><div class=\"wpb_text_column\" ><div class=\"wpb_wrapper\"><\/div><\/div><\/div><\/div><\/div><\/div><\/div><\/div><\/div><\/div><\/div><\/section>\n","protected":false},"excerpt":{"rendered":"EinwohnerregisterEINWOHNERREGISTER BesitzerwechselModell_Best\u00e4tigung_Verkauf_Einheit MieterwechselModell_Anfang_Mietverh\u00e4ltnisse Modell_Ende_Mietverh\u00e4ltnis VollmachtVollmacht Verschieden AnfragenAngebotsanfrageAngebotsanfrage Verschieden InfosInformation_Gesetz_220 Geb\u00e4uderat_Treppensprecher_Beirat_Rechnungspr\u00fcfer Arbeiten_zu_Hause_die Regeln RATGEBER HEIZKOSTEN SPAREN_ANACI VerordnungenOnline Kondominiums Versammlung","protected":false},"author":1,"featured_media":0,"parent":0,"menu_order":0,"comment_status":"closed","ping_status":"closed","template":"","meta":{"footnotes":""},"_links":{"self":[{"href":"https:\/\/www.studio-3c.it\/de\/wp-json\/wp\/v2\/pages\/7882\/"}],"collection":[{"href":"https:\/\/www.studio-3c.it\/de\/wp-json\/wp\/v2\/pages\/"}],"about":[{"href":"https:\/\/www.studio-3c.it\/de\/wp-json\/wp\/v2\/types\/page\/"}],"author":[{"embeddable":true,"href":"https:\/\/www.studio-3c.it\/de\/wp-json\/wp\/v2\/users\/1\/"}],"replies":[{"embeddable":true,"href":"https:\/\/www.studio-3c.it\/de\/wp-json\/wp\/v2\/comments\/?post=7882"}],"version-history":[{"count":67,"href":"https:\/\/www.studio-3c.it\/de\/wp-json\/wp\/v2\/pages\/7882\/revisions\/"}],"predecessor-version":[{"id":8315,"href":"https:\/\/www.studio-3c.it\/de\/wp-json\/wp\/v2\/pages\/7882\/revisions\/8315\/"}],"wp:attachment":[{"href":"https:\/\/www.studio-3c.it\/de\/wp-json\/wp\/v2\/media\/?parent=7882"}],"curies":[{"name":"wp","href":"https:\/\/api.w.org\/{rel}","templated":true}]}}