{"id":7832,"date":"2020-11-16T15:00:49","date_gmt":"2020-11-16T14:00:49","guid":{"rendered":"https:\/\/www.studio-3c.it\/?page_id=7832"},"modified":"2022-01-26T13:04:55","modified_gmt":"2022-01-26T12:04:55","slug":"datenschutz","status":"publish","type":"page","link":"https:\/\/www.studio-3c.it\/it\/datenschutz\/","title":{"rendered":"Privacy"},"content":{"rendered":"<section class=\"l-section wpb_row height_custom\"><div class=\"l-section-h i-cf\"><div class=\"g-cols vc_row type_default valign_top\"><div class=\"vc_col-sm-12 wpb_column vc_column_container\"><div class=\"vc_column-inner\"><div class=\"wpb_wrapper\"><div class=\"wpb_text_column\" ><div class=\"wpb_wrapper\"><h3>Privacy<\/h3>\n<p><strong>1 &#8211; Oggetto del Trattamento<br \/>\n<\/strong>Il Titolare tratta i dati personali e identificativi (in particolare, nome, cognome, codice fiscale, p. iva, email, numero telefonico \u2013 in seguito, \u201cdati personali\u201d o anche \u201cdati\u201d) da Lei forniti, acquisiti dalla precedente amministrazione o recuperati cos\u00ec come previsto dalla Legge 220\/2012.<br \/>\n<strong><br \/>\n2 &#8211; Finalit\u00e0 del Trattamento<br \/>\n<\/strong>I Suoi dati personali sono trattati senza il Suo consenso espresso (art. 6 lett. b), e) GDPR), alle finalit\u00e0 connesse alla gestione amministrativa e contabile del Condominio.<\/p>\n<p><strong>3 &#8211; Natura del conferimento dei dati e conseguenze del rifiuto di rispondere<br \/>\n<\/strong>Il conferimento dei dati personali per le finalit\u00e0 di cui all\u2019art. 2 ha natura strettamente necessaria, in quanto il mancato o non corretto conferimento rende impossibile il trattamento inerente le suddette finalit\u00e0.<\/p>\n<p><strong>4 &#8211; Modalit\u00e0 del Trattamento<br \/>\n<\/strong>Il trattamento dei Suoi dati personali \u00e8 realizzato per mezzo delle operazioni indicate all\u2019art. 4 n. 2) GDPR e precisamente: raccolta, registrazione, organizzazione, conservazione, consultazione, elaborazione, modifica, selezione, estrazione, raffronto, utilizzo, interconnessione, blocco, comunicazione, cancellazione e distruzione. I dati sono sottoposti a trattamento sia cartaceo che elettronico e\/o automatizzato, Il Titolare tratter\u00e0 i dati personali per il tempo necessario per adempiere alle finalit\u00e0 di cui sopra e comunque per non oltre 5 anni dalla cessazione del rapporto per le finalit\u00e0 di servizio.<\/p>\n<p><strong>5 &#8211; Comunicazione dei dati<br \/>\n<\/strong>Senza necessit\u00e0 di espresso consenso (art. 6 lett. b) e c) GDPR), il Titolare potr\u00e0 comunicare i Suoi dati per le finalit\u00e0 di cui all\u2019art. 2.) agli enti e organismi di controllo oltre che alla magistratura, su richiesta della stessa, agli enti assicurativi; alla Banca presso la quale \u00e8 intrattenuto il rapporto di conto corrente; agli studi legali presso i quali saranno domiciliate le pratiche di morosit\u00e0 e\/o controversie, di qualsiasi natura, legate alla gestione condominiale; ai fornitori del condominio cosi come previsto dall&#8217; Art. 63 delle disposizioni di attuazione del codice civile. I dati non saranno soggetti a diffusione.<\/p>\n<p><strong>6 &#8211; Accesso ai dati<br \/>\n<\/strong>I Suoi dati potranno essere resi accessibili per le finalit\u00e0 di cui all\u2019art. 2:<br \/>\n&#8211; a dipendenti e collaboratori dello Studio <em>Studio 3c &#8211; Coleselli Tanja<\/em>, nella loro qualit\u00e0 di incaricati e\/o responsabili interni del trattamento e\/o amministratori di sistema;<br \/>\n&#8211; societ\u00e0 e professionisti che svolgono attivit\u00e0 per conto del Titolare, nella loro qualit\u00e0 di responsabili esterni del trattamento.<\/p>\n<p><strong>7 &#8211; Sicurezza<br \/>\n<\/strong>I dati vengono custoditi e controllati mediante adozione di idonee misure preventive di sicurezza, volte a ridurre al minimo i rischi di perdita e distruzione, di accesso non autorizzato, di trattamento non consentito e difforme dalle finalit\u00e0 per cui il trattamento viene effettuato.<\/p>\n<p><strong>8 &#8211; Trasferimento dati<br \/>\n<\/strong>La gestione e la conservazione dei dati personali avverr\u00e0 nel territorio dell&#8217;Unione Europea.<\/p>\n<p><strong>9 &#8211; Diritti dell\u2019interessato<br \/>\n<\/strong>Nella Sua qualit\u00e0 di interessato, ha il diritto di cui all\u2019art. 15 GDPR e precisamente i diritti di:<\/p>\n<p>1.\u00a0 ottenere la conferma dell&#8217;esistenza o meno di dati personali che La riguardano, anche se non ancora registrati, e la loro comunicazione in forma intelligibile;<br \/>\n2. ottenere l&#8217;indicazione: a) dell&#8217;origine dei dati personali; b) delle finalit\u00e0 e modalit\u00e0 del trattamento; c) della logica applicata in caso di trattamento effettuato con l&#8217;ausilio di strumenti elettronici; d) degli estremi identificativi del titolare, dei responsabili e del rappresentante designato ai sensi dell&#8217;art. 5, comma 2 Codice Privacy e art. 3, comma 1, GDPR; e) dei soggetti o delle categorie di soggetti ai quali i dati personali possono essere comunicati o che possono venirne a conoscenza in qualit\u00e0 di rappresentante designato nel territorio dello Stato, di responsabili o incaricati;<\/p>\n<p>iii. ottenere: a) l&#8217;aggiornamento, la rettifica ovvero l&#8217;integrazione dei dati; b) la cancellazione, la trasformazione in forma anonima o il blocco dei dati trattati in violazione di legge, compresi quelli di cui non \u00e8 necessaria la conservazione in relazione agli scopi per i quali i dati sono stati raccolti o successivamente trattati; c) l&#8217;attestazione che le operazioni di cui alle lettere a) e b) sono state portate a conoscenza, anche per quanto riguarda il loro contenuto, di coloro ai quali i dati sono stati comunicati o diffusi, eccettuato il caso in cui tale adempimento si rivela impossibile o comporta un impiego di mezzi manifestamente sproporzionato rispetto al diritto tutelato;<\/p>\n<ol>\n<li>opporsi, in tutto o in parte per motivi legittimi al trattamento dei dati personali che La riguardano, ancorch\u00e9 pertinenti allo scopo della raccolta.<\/li>\n<\/ol>\n<p>Ove applicabili, Lei ha altres\u00ec i diritti di cui agli artt. 16-21 GDPR (Diritto di rettifica, diritto all\u2019oblio, diritto di limitazione di trattamento, diritto alla portabilit\u00e0 dei dati, diritto di opposizione), nonch\u00e9 il diritto di reclamo all\u2019Autorit\u00e0 Garante.<\/p>\n<p><strong>10 &#8211; Modalit\u00e0 di esercizio dei diritti<br \/>\n<\/strong>Potr\u00e0 in qualsiasi momento esercitare i diritti inviando una comunicazione:<br \/>\nvia e-mail, all&#8217;indirizzo: <em>info@studio-3c.it <\/em>oppure via posta A.R., a:<br \/>\n<em>Studio 3c &#8211; Coleselli Tanja<br \/>\n<\/em><em>Via <\/em><em>Innsbruck 27<br \/>\n<\/em><em>39<\/em><em>100 Bolzano (BZ)<\/em><\/p>\n<\/div><\/div><\/div><\/div><\/div><\/div><\/div><\/section>\n","protected":false},"excerpt":{"rendered":"Privacy 1 &#8211; Oggetto del Trattamento Il Titolare tratta i dati personali e identificativi (in particolare, nome, cognome, codice fiscale, p. iva, email, numero telefonico \u2013 in seguito, \u201cdati personali\u201d o anche \u201cdati\u201d) da Lei forniti, acquisiti dalla precedente amministrazione o recuperati cos\u00ec come previsto dalla Legge 220\/2012. 2 &#8211; Finalit\u00e0 del Trattamento I Suoi...","protected":false},"author":1,"featured_media":0,"parent":0,"menu_order":0,"comment_status":"closed","ping_status":"closed","template":"","meta":{"footnotes":""},"_links":{"self":[{"href":"https:\/\/www.studio-3c.it\/it\/wp-json\/wp\/v2\/pages\/7832\/"}],"collection":[{"href":"https:\/\/www.studio-3c.it\/it\/wp-json\/wp\/v2\/pages\/"}],"about":[{"href":"https:\/\/www.studio-3c.it\/it\/wp-json\/wp\/v2\/types\/page\/"}],"author":[{"embeddable":true,"href":"https:\/\/www.studio-3c.it\/it\/wp-json\/wp\/v2\/users\/1\/"}],"replies":[{"embeddable":true,"href":"https:\/\/www.studio-3c.it\/it\/wp-json\/wp\/v2\/comments\/?post=7832"}],"version-history":[{"count":6,"href":"https:\/\/www.studio-3c.it\/it\/wp-json\/wp\/v2\/pages\/7832\/revisions\/"}],"predecessor-version":[{"id":8213,"href":"https:\/\/www.studio-3c.it\/it\/wp-json\/wp\/v2\/pages\/7832\/revisions\/8213\/"}],"wp:attachment":[{"href":"https:\/\/www.studio-3c.it\/it\/wp-json\/wp\/v2\/media\/?parent=7832"}],"curies":[{"name":"wp","href":"https:\/\/api.w.org\/{rel}","templated":true}]}}